{"id":180,"date":"2019-06-25T13:35:59","date_gmt":"2019-06-25T11:35:59","guid":{"rendered":"http:\/\/qpolens.com\/wordpress\/?page_id=180"},"modified":"2019-06-26T12:31:01","modified_gmt":"2019-06-26T10:31:01","slug":"aviso-legal","status":"publish","type":"page","link":"http:\/\/www.qpolens.com\/wordpress\/es\/aviso-legal\/","title":{"rendered":"Aviso Legal"},"content":{"rendered":"<p>[et_pb_section fb_built=\u00bb1&#8243; _builder_version=\u00bb3.24.1&#8243; custom_padding=\u00bb0px||0px|||\u00bb][et_pb_row custom_padding=\u00bb0px||0px|||\u00bb _builder_version=\u00bb3.24.1&#8243;][et_pb_column type=\u00bb4_4&#8243; _builder_version=\u00bb3.24.1&#8243;][et_pb_code _builder_version=\u00bb3.24.1&#8243;]<script text=\"text\/javascript\"><!-- [et_pb_line_break_holder] -->jQuery(function($) {<!-- [et_pb_line_break_holder] -->$(\"#main-footer\").css(\"position\",\"fixed\").css(\"bottom\",0).css(\"width\",'100%').css(\"z-index\",'100');<!-- [et_pb_line_break_holder] -->});<!-- [et_pb_line_break_holder] --><\/script>[\/et_pb_code][\/et_pb_column][\/et_pb_row][\/et_pb_section][et_pb_section fb_built=\u00bb1&#8243; _builder_version=\u00bb3.24.1&#8243; custom_padding=\u00bb44px|||||\u00bb][et_pb_row custom_padding=\u00bb10px|||||\u00bb custom_margin=\u00bb1px|auto||auto||\u00bb _builder_version=\u00bb3.24.1&#8243; min_height=\u00bb627px\u00bb][et_pb_column type=\u00bb1_3&#8243; _builder_version=\u00bb3.24.1&#8243;][et_pb_text _builder_version=\u00bb3.24.1&#8243; text_font=\u00bb||||||||\u00bb text_text_align=\u00bbright\u00bb text_text_color=\u00bb#39639c\u00bb text_font_size=\u00bb26px\u00bb header_font=\u00bb||||||||\u00bb header_text_color=\u00bb#39639c\u00bb border_radii=\u00bb||||\u00bb]<\/p>\n<h1>Aviso Legal<\/h1>\n<p>[\/et_pb_text][\/et_pb_column][et_pb_column type=\u00bb2_3&#8243; _builder_version=\u00bb3.24.1&#8243;][et_pb_text _builder_version=\u00bb3.24.1&#8243; custom_margin=\u00bb0px|||||\u00bb]<\/p>\n<p>Quality Photonic Optics S.L (QPO)\u00a0 es una empresa cuya sede social se halla en la calle Sant Quirze 91, 5\u00ba 2\u00aa, E-08221 Terrassa, Barcelona Espa\u00f1a, con c\u00f3digo de identificaci\u00f3n fiscal (CIF) B67401513, registrada con fecha 2 de abril de 2.019 en el \u00abRegistro Mercantil de Barcelona, Tomo 46831 Folio 0030 Hoja 532334 Inscripci\u00f3n 1\u00aa\u00bb.<\/p>\n<p><span style=\"font-size: 14px;\">E-mail de contacto:<\/span><a href=\"mailto:%20info@qpolens.com\" style=\"font-size: 14px;\"> info@qpolens.com<\/a><\/p>\n<p>Tel\u00e9fono de contacto: +34 902 36 58 92<\/p>\n<p>Los derechos de propiedad intelectual del sitio qpo.com y de los distintos elementos en \u00e9l contenidos son titularidad de Quality Photonic Optics S.L.<\/p>\n<p>Los textos, normativa y en general cualquier informaci\u00f3n contenida en las p\u00e1ginas de este sitio tienen car\u00e1cter meramente informativo, por lo que sugerimos compruebe la vigencia y exactitud de los datos.<\/p>\n<p>Quality Photonic Optics S.L. se reserva el derecho a realizar cambios en el sitio sin previo aviso, con el objeto de actualizar, corregir, modificar, a\u00f1adir o eliminar los contenidos del sitio o su dise\u00f1o.<\/p>\n<p>Quality Photonic Optics S.L. no garantiza la inexistencia de errores en el acceso al sitio, en su contenido, ni que \u00e9ste se encuentre oportunamente actualizado, aunque desarrollar\u00e1 los esfuerzos precisos para evitarlos y, en su caso, subsanarlos o actualizarlos a la mayor brevedad posible.<\/p>\n<p>Tanto el acceso al sitio, como el uso que pueda hacerse de la informaci\u00f3n contenida en el mismo, son de la exclusiva responsabilidad de quien lo realiza. Quality Photonic Optics S.L. no responder\u00e1 de ninguna consecuencia, da\u00f1o o perjuicio que pudieran derivarse de dicho acceso o uso de informaci\u00f3n, con excepci\u00f3n de todas aquellas actuaciones que resulten de la aplicaci\u00f3n de las disposiciones legales a las que deba someterse en el estricto ejercicio de sus competencias.<\/p>\n<p>&nbsp;<\/p>\n<p>&nbsp;<\/p>\n<p>&nbsp;<\/p>\n<p>[\/et_pb_text][\/et_pb_column][\/et_pb_row][\/et_pb_section]<\/p>\n","protected":false},"excerpt":{"rendered":"<p>Aviso LegalQuality Photonic Optics S.L (QPO)\u00a0 es una empresa cuya sede social se halla en la calle Sant Quirze 91, 5\u00ba 2\u00aa, E-08221 Terrassa, Barcelona Espa\u00f1a, con c\u00f3digo de identificaci\u00f3n fiscal (CIF) B67401513, registrada con fecha 2 de abril de 2.019 en el \u00abRegistro Mercantil de Barcelona, Tomo 46831 Folio 0030 Hoja 532334 Inscripci\u00f3n 1\u00aa\u00bb. [&hellip;]<\/p>\n","protected":false},"author":2,"featured_media":0,"parent":0,"menu_order":0,"comment_status":"closed","ping_status":"closed","template":"","meta":{"_et_pb_use_builder":"on","_et_pb_old_content":"","_et_gb_content_width":"","footnotes":""},"class_list":["post-180","page","type-page","status-publish","hentry"],"_links":{"self":[{"href":"http:\/\/www.qpolens.com\/wordpress\/wp-json\/wp\/v2\/pages\/180","targetHints":{"allow":["GET"]}}],"collection":[{"href":"http:\/\/www.qpolens.com\/wordpress\/wp-json\/wp\/v2\/pages"}],"about":[{"href":"http:\/\/www.qpolens.com\/wordpress\/wp-json\/wp\/v2\/types\/page"}],"author":[{"embeddable":true,"href":"http:\/\/www.qpolens.com\/wordpress\/wp-json\/wp\/v2\/users\/2"}],"replies":[{"embeddable":true,"href":"http:\/\/www.qpolens.com\/wordpress\/wp-json\/wp\/v2\/comments?post=180"}],"version-history":[{"count":3,"href":"http:\/\/www.qpolens.com\/wordpress\/wp-json\/wp\/v2\/pages\/180\/revisions"}],"predecessor-version":[{"id":205,"href":"http:\/\/www.qpolens.com\/wordpress\/wp-json\/wp\/v2\/pages\/180\/revisions\/205"}],"wp:attachment":[{"href":"http:\/\/www.qpolens.com\/wordpress\/wp-json\/wp\/v2\/media?parent=180"}],"curies":[{"name":"wp","href":"https:\/\/api.w.org\/{rel}","templated":true}]}}