{"id":187,"date":"2019-06-25T13:42:39","date_gmt":"2019-06-25T11:42:39","guid":{"rendered":"http:\/\/qpolens.com\/wordpress\/?page_id=187"},"modified":"2019-06-26T12:30:50","modified_gmt":"2019-06-26T10:30:50","slug":"avis-legal","status":"publish","type":"page","link":"http:\/\/www.qpolens.com\/wordpress\/ca\/avis-legal\/","title":{"rendered":"Av\u00eds Legal"},"content":{"rendered":"<p>[et_pb_section fb_built=\u00bb1&#8243; _builder_version=\u00bb3.24.1&#8243; custom_padding=\u00bb0px||0px|||\u00bb][et_pb_row custom_padding=\u00bb0px||0px|||\u00bb _builder_version=\u00bb3.24.1&#8243;][et_pb_column type=\u00bb4_4&#8243; _builder_version=\u00bb3.24.1&#8243;][et_pb_code _builder_version=\u00bb3.24.1&#8243;]<script text=\"text\/javascript\"><!-- [et_pb_line_break_holder] -->jQuery(function($) {<!-- [et_pb_line_break_holder] -->$(\"#main-footer\").css(\"position\",\"fixed\").css(\"bottom\",0).css(\"width\",'100%').css(\"z-index\",'100');<!-- [et_pb_line_break_holder] -->});<!-- [et_pb_line_break_holder] --><\/script>[\/et_pb_code][\/et_pb_column][\/et_pb_row][\/et_pb_section][et_pb_section fb_built=\u00bb1&#8243; _builder_version=\u00bb3.24.1&#8243; custom_padding=\u00bb44px|||||\u00bb][et_pb_row custom_padding=\u00bb10px|||||\u00bb custom_margin=\u00bb1px|auto||auto||\u00bb _builder_version=\u00bb3.24.1&#8243; min_height=\u00bb627px\u00bb][et_pb_column type=\u00bb1_3&#8243; _builder_version=\u00bb3.24.1&#8243;][et_pb_text _builder_version=\u00bb3.24.1&#8243; text_font=\u00bb||||||||\u00bb text_text_align=\u00bbright\u00bb text_text_color=\u00bb#39639c\u00bb text_font_size=\u00bb26px\u00bb header_font=\u00bb||||||||\u00bb header_text_color=\u00bb#39639c\u00bb border_radii=\u00bb||||\u00bb]<\/p>\n<h1>Av\u00eds Legal<\/h1>\n<p>[\/et_pb_text][\/et_pb_column][et_pb_column type=\u00bb2_3&#8243; _builder_version=\u00bb3.24.1&#8243;][et_pb_text _builder_version=\u00bb3.24.1&#8243; custom_margin=\u00bb0px|||||\u00bb]<\/p>\n<p>Quality Photonic Optics S.L (QPO)\u00a0 \u00e9s una empresa amb seu social al carrer Sant Quirze 91, 5\u00ba 2\u00aa, E-08221 Terrassa, Barcelona Espa\u00f1a, i n\u00famero d\u2019identificaci\u00f3 fiscal (CIF) B67401513, registrada amb data \u00a02 d\u2019abril de 2.019 al \u00abRegistro Mercantil de Barcelona, Tomo 46831 Folio 0030 Hoja 532334 Inscripci\u00f3n 1\u00aa\u00bb.<\/p>\n<p><span style=\"font-size: 14px;\">E-mail de contacte:<\/span><a href=\"mailto:%20info@qpolens.com\" style=\"font-size: 14px;\"> info@qpolens.com<\/a><\/p>\n<p>Tel\u00e8fon de contacte: +34 902 36 58 92<\/p>\n<p>Els drets de propietat intel\u00b7lectual del lloc qpo.com i dels diferents elements continguts s\u00f3n titularitat de Quality Photonic Optics S.L..<\/p>\n<p>Els textos, normativa i en general qualsevol informaci\u00f3n continguda a les p\u00e0gines d\u2019aquest lloc web tenen car\u00e1cter merament informatiu, pel que suggerim que comprovin la vigencia i exactitut de les dades.<\/p>\n<p>Quality Photonic Optics S.L. es reserva el dret a realitzar canvis al lloc sense previ av\u00eds, amb objecte d\u2019actualitzar, corretgir, modificar, afegir o eliminar els continguts del lloc web o el seu disseny.<\/p>\n<p>\u00a0Quality Photonic Optics S.L. no garantitza la inexist\u00e8ncia d\u2019errors en l\u2019acc\u00e9s al lloc web, el seu contingut, ni que aquest es trobi actualitzat, encara que dedicar\u00e0 els esfor\u00e7os necessaris per evitar-los i, donat el cas, subsanar-los o actualitzar-los el m\u00e9s aviat possible.<\/p>\n<p>Tant l\u2019acc\u00e9s al lloc web, com l\u2019\u00fas que es pugui fer de la informaci\u00f3 continguda en el mateix, s\u00f3n de l\u2019exclusiva responsabilitat de qui ho realitza. Quality Photonic Optics S.L. no respondr\u00e0 a cap conseq\u00fc\u00e8ncia, dany o perjudici que pogu\u00e9s derivar-se de tal acc\u00e9s o \u00fas d\u2019informaci\u00f3, amb excepci\u00f3 de totes aquelles actuacions que resultin de l\u2019aplicaci\u00f3 de les disposicions legals a les que hagi de sosmetre\u2019s en l\u2019estricte exercici de les seves compet\u00e8ncies.<\/p>\n<p>&nbsp;<\/p>\n<p>&nbsp;<\/p>\n<p>&nbsp;<\/p>\n<p>[\/et_pb_text][\/et_pb_column][\/et_pb_row][\/et_pb_section]<\/p>\n","protected":false},"excerpt":{"rendered":"<p>Av\u00eds LegalQuality Photonic Optics S.L (QPO)\u00a0 \u00e9s una empresa amb seu social al carrer Sant Quirze 91, 5\u00ba 2\u00aa, E-08221 Terrassa, Barcelona Espa\u00f1a, i n\u00famero d\u2019identificaci\u00f3 fiscal (CIF) B67401513, registrada amb data \u00a02 d\u2019abril de 2.019 al \u00abRegistro Mercantil de Barcelona, Tomo 46831 Folio 0030 Hoja 532334 Inscripci\u00f3n 1\u00aa\u00bb. E-mail de contacte: info@qpolens.com Tel\u00e8fon de [&hellip;]<\/p>\n","protected":false},"author":2,"featured_media":0,"parent":0,"menu_order":0,"comment_status":"closed","ping_status":"closed","template":"","meta":{"_et_pb_use_builder":"on","_et_pb_old_content":"","_et_gb_content_width":"","footnotes":""},"class_list":["post-187","page","type-page","status-publish","hentry"],"_links":{"self":[{"href":"http:\/\/www.qpolens.com\/wordpress\/wp-json\/wp\/v2\/pages\/187","targetHints":{"allow":["GET"]}}],"collection":[{"href":"http:\/\/www.qpolens.com\/wordpress\/wp-json\/wp\/v2\/pages"}],"about":[{"href":"http:\/\/www.qpolens.com\/wordpress\/wp-json\/wp\/v2\/types\/page"}],"author":[{"embeddable":true,"href":"http:\/\/www.qpolens.com\/wordpress\/wp-json\/wp\/v2\/users\/2"}],"replies":[{"embeddable":true,"href":"http:\/\/www.qpolens.com\/wordpress\/wp-json\/wp\/v2\/comments?post=187"}],"version-history":[{"count":4,"href":"http:\/\/www.qpolens.com\/wordpress\/wp-json\/wp\/v2\/pages\/187\/revisions"}],"predecessor-version":[{"id":204,"href":"http:\/\/www.qpolens.com\/wordpress\/wp-json\/wp\/v2\/pages\/187\/revisions\/204"}],"wp:attachment":[{"href":"http:\/\/www.qpolens.com\/wordpress\/wp-json\/wp\/v2\/media?parent=187"}],"curies":[{"name":"wp","href":"https:\/\/api.w.org\/{rel}","templated":true}]}}